{"id":4460,"date":"2021-11-18T15:47:54","date_gmt":"2021-11-18T20:47:54","guid":{"rendered":"http:\/\/www.marotinternational.com\/fale-conosco\/"},"modified":"2022-03-25T17:35:32","modified_gmt":"2022-03-25T22:35:32","slug":"fale-conosco","status":"publish","type":"page","link":"http:\/\/www.marotinternational.com\/pt-br\/fale-conosco\/","title":{"rendered":"Fale conosco"},"content":{"rendered":"<p>[et_pb_section fb_built=&#8221;1&#8243; custom_padding_last_edited=&#8221;on|tablet&#8221; admin_label=&#8221;Contact Form&#8221; _builder_version=&#8221;4.15.1&#8243; background_color=&#8221;RGBA(0,0,0,0)&#8221; use_background_color_gradient=&#8221;on&#8221; background_color_gradient_start=&#8221;rgba(255,255,255,0.77)&#8221; background_color_gradient_end=&#8221;#262626&#8243; background_color_gradient_direction=&#8221;193deg&#8221; background_color_gradient_start_position=&#8221;34%&#8221; background_image=&#8221;http:\/\/www.marotinternational.com\/wp-content\/uploads\/2022\/03\/contact-us.png&#8221; background_position=&#8221;bottom_center&#8221; background_blend=&#8221;overlay&#8221; custom_padding=&#8221;0px||109px||false|false&#8221; custom_padding_tablet=&#8221;60px|||&#8221; custom_padding_phone=&#8221;&#8221; hover_enabled=&#8221;0&#8243; global_colors_info=&#8221;{}&#8221; title_text=&#8221;contact-us&#8221; sticky_enabled=&#8221;0&#8243;][et_pb_row column_structure=&#8221;3_5,2_5&#8243; _builder_version=&#8221;4.15&#8243; background_size=&#8221;initial&#8221; background_position=&#8221;top_left&#8221; background_repeat=&#8221;repeat&#8221; width=&#8221;84%&#8221; max_width=&#8221;1871px&#8221; custom_margin=&#8221;0px||||false|false&#8221; custom_padding=&#8221;0px||||false|false&#8221; global_colors_info=&#8221;{}&#8221;][et_pb_column type=&#8221;3_5&#8243; _builder_version=&#8221;4.15&#8243; custom_padding=&#8221;||||false|false&#8221; global_colors_info=&#8221;{}&#8221; custom_padding__hover=&#8221;|||&#8221;][et_pb_text content_tablet=&#8221;<\/p>\n<h1>ENTRE EM CONTATO CONOSCO<\/h1>\n<p>&#8221; content_phone=&#8221;<\/p>\n<h1>ENTRE EM CONTATO CONOSCO<\/h1>\n<p>&#8221; content_last_edited=&#8221;on|tablet&#8221; admin_label=&#8221;Contact Title&#8221; _builder_version=&#8221;4.15&#8243; text_font=&#8221;||||&#8221; text_text_color=&#8221;#1a1a1a&#8221; header_font=&#8221;Open Sans|800|||||||&#8221; header_text_align=&#8221;left&#8221; header_text_color=&#8221;#FFFFFF&#8221; header_font_size=&#8221;46px&#8221; header_line_height=&#8221;1.3em&#8221; background_size=&#8221;initial&#8221; background_position=&#8221;top_left&#8221; background_repeat=&#8221;repeat&#8221; width=&#8221;100%&#8221; max_width=&#8221;100%&#8221; min_height=&#8221;40.8px&#8221; custom_margin=&#8221;||0px||false|false&#8221; custom_padding=&#8221;|0px|0px||false|false&#8221; animation_style=&#8221;slide&#8221; animation_direction=&#8221;top&#8221; animation_intensity_slide=&#8221;10%&#8221; header_font_tablet=&#8221;&#8221; header_font_phone=&#8221;&#8221; header_font_last_edited=&#8221;on|tablet&#8221; header_font_size_tablet=&#8221;39px&#8221; header_font_size_phone=&#8221;26px&#8221; header_font_size_last_edited=&#8221;on|tablet&#8221; header_text_shadow_style=&#8221;preset4&#8243; header_text_shadow_horizontal_length=&#8221;0.08em&#8221; header_text_shadow_vertical_length=&#8221;0.09em&#8221; header_text_shadow_blur_strength=&#8221;0.04em&#8221; header_text_shadow_color=&#8221;#000000&#8243; locked=&#8221;off&#8221; global_colors_info=&#8221;{}&#8221;]<\/p>\n<h1>Entre em contato conosco<\/h1>\n<p>[\/et_pb_text][et_pb_blurb title=&#8221;Conhe\u00e7a-nos na Anuga ou SiAl&#8221; use_icon=&#8221;on&#8221; font_icon=&#8221;&#x77;||divi||400&#8243; icon_color=&#8221;#020284&#8243; _builder_version=&#8221;4.15&#8243; _module_preset=&#8221;default&#8221; header_font=&#8221;|300||on|||||&#8221; header_text_align=&#8221;center&#8221; header_font_size=&#8221;36px&#8221; background_color=&#8221;#ffffff&#8221; custom_margin=&#8221;50px||||false|false&#8221; custom_padding=&#8221;26px||32px||false|false&#8221; global_colors_info=&#8221;{}&#8221;][\/et_pb_blurb][\/et_pb_column][et_pb_column type=&#8221;2_5&#8243; _builder_version=&#8221;4.15&#8243; custom_padding=&#8221;||||false|false&#8221; global_colors_info=&#8221;{}&#8221; custom_padding__hover=&#8221;|||&#8221;][et_pb_contact_form captcha=&#8221;off&#8221; email=&#8221;carmen@seethroughweb.com&#8221; submit_button_text=&#8221;Enviar mensagem&#8221; module_id=&#8221;et_pb_contact_form_0&#8243; _builder_version=&#8221;4.15&#8243; _unique_id=&#8221;bdaad6e2-74af-4f4c-ada7-0b6d054639a1&#8243; form_field_background_color=&#8221;#ffffff&#8221; form_field_font=&#8221;Roboto|on|||&#8221; form_field_font_size=&#8221;16px&#8221; custom_button=&#8221;on&#8221; button_text_color=&#8221;#FFFFFF&#8221; button_bg_color=&#8221;#7c1036&#8243; button_border_width=&#8221;0px&#8221; button_border_color=&#8221;#ed4441&#8243; button_border_radius=&#8221;5px&#8221; button_letter_spacing=&#8221;4px&#8221; button_font=&#8221;|on||on|&#8221; button_icon=&#8221;&#x24;||divi||400&#8243; button_icon_color=&#8221;#1a1a1a&#8221; button_custom_margin=&#8221;||||false|false&#8221; button_custom_padding=&#8221;||||false|false&#8221; custom_margin=&#8221;0px||||false|false&#8221; custom_padding=&#8221;||||false|false&#8221; animation_style=&#8221;fold&#8221; animation_direction=&#8221;right&#8221; animation_intensity_fold=&#8221;20%&#8221; button_text_size_tablet=&#8221;&#8221; button_text_size_phone=&#8221;15px&#8221; button_text_size_last_edited=&#8221;on|tablet&#8221; button_icon_placement_tablet=&#8221;&#8221; button_icon_placement_phone=&#8221;&#8221; button_icon_placement_last_edited=&#8221;on|desktop&#8221; border_width_all=&#8221;1px&#8221; border_color_all=&#8221;rgba(0,0,0,0.12)&#8221; border_style_all=&#8221;solid&#8221; use_border_color=&#8221;on&#8221; border_color=&#8221;rgba(0,0,0,0.12)&#8221; form_background_color=&#8221;#ffffff&#8221; locked=&#8221;off&#8221; global_colors_info=&#8221;{}&#8221; custom_css_contact_button_last_edited=&#8221;on|phone&#8221; button_text_color_hover=&#8221;#1a1a1a&#8221; button_bg_color_hover=&#8221;rgba(255,255,255,0)&#8221; button_border_color_hover=&#8221;#1a1a1a&#8221; button_border_radius_hover=&#8221;0px&#8221; button_letter_spacing_hover=&#8221;4px&#8221;][et_pb_contact_field field_id=&#8221;Company&#8221; field_title=&#8221;Empresa&#8221; fullwidth_field=&#8221;on&#8221; _builder_version=&#8221;4.15&#8243; global_colors_info=&#8221;{}&#8221; button_text_size__hover_enabled=&#8221;off&#8221; button_one_text_size__hover_enabled=&#8221;off&#8221; button_two_text_size__hover_enabled=&#8221;off&#8221; button_text_color__hover_enabled=&#8221;off&#8221; button_one_text_color__hover_enabled=&#8221;off&#8221; button_two_text_color__hover_enabled=&#8221;off&#8221; button_border_width__hover_enabled=&#8221;off&#8221; button_one_border_width__hover_enabled=&#8221;off&#8221; button_two_border_width__hover_enabled=&#8221;off&#8221; button_border_color__hover_enabled=&#8221;off&#8221; button_one_border_color__hover_enabled=&#8221;off&#8221; button_two_border_color__hover_enabled=&#8221;off&#8221; button_border_radius__hover_enabled=&#8221;off&#8221; button_one_border_radius__hover_enabled=&#8221;off&#8221; button_two_border_radius__hover_enabled=&#8221;off&#8221; button_letter_spacing__hover_enabled=&#8221;off&#8221; button_one_letter_spacing__hover_enabled=&#8221;off&#8221; button_two_letter_spacing__hover_enabled=&#8221;off&#8221; button_bg_color__hover_enabled=&#8221;off&#8221; button_one_bg_color__hover_enabled=&#8221;off&#8221; button_two_bg_color__hover_enabled=&#8221;off&#8221;][\/et_pb_contact_field][et_pb_contact_field field_id=&#8221;Name&#8221; field_title=&#8221;Nome&#8221; fullwidth_field=&#8221;on&#8221; _builder_version=&#8221;4.15&#8243; global_colors_info=&#8221;{}&#8221; button_text_size__hover_enabled=&#8221;off&#8221; button_one_text_size__hover_enabled=&#8221;off&#8221; button_two_text_size__hover_enabled=&#8221;off&#8221; button_text_color__hover_enabled=&#8221;off&#8221; button_one_text_color__hover_enabled=&#8221;off&#8221; button_two_text_color__hover_enabled=&#8221;off&#8221; button_border_width__hover_enabled=&#8221;off&#8221; button_one_border_width__hover_enabled=&#8221;off&#8221; button_two_border_width__hover_enabled=&#8221;off&#8221; button_border_color__hover_enabled=&#8221;off&#8221; button_one_border_color__hover_enabled=&#8221;off&#8221; button_two_border_color__hover_enabled=&#8221;off&#8221; button_border_radius__hover_enabled=&#8221;off&#8221; button_one_border_radius__hover_enabled=&#8221;off&#8221; button_two_border_radius__hover_enabled=&#8221;off&#8221; button_letter_spacing__hover_enabled=&#8221;off&#8221; button_one_letter_spacing__hover_enabled=&#8221;off&#8221; button_two_letter_spacing__hover_enabled=&#8221;off&#8221; button_bg_color__hover_enabled=&#8221;off&#8221; button_one_bg_color__hover_enabled=&#8221;off&#8221; button_two_bg_color__hover_enabled=&#8221;off&#8221;][\/et_pb_contact_field][et_pb_contact_field field_id=&#8221;Email&#8221; field_title=&#8221;Endere\u00e7o de e-mail&#8221; field_type=&#8221;email&#8221; fullwidth_field=&#8221;on&#8221; _builder_version=&#8221;4.15&#8243; global_colors_info=&#8221;{}&#8221; button_text_size__hover_enabled=&#8221;off&#8221; button_one_text_size__hover_enabled=&#8221;off&#8221; button_two_text_size__hover_enabled=&#8221;off&#8221; button_text_color__hover_enabled=&#8221;off&#8221; button_one_text_color__hover_enabled=&#8221;off&#8221; button_two_text_color__hover_enabled=&#8221;off&#8221; button_border_width__hover_enabled=&#8221;off&#8221; button_one_border_width__hover_enabled=&#8221;off&#8221; button_two_border_width__hover_enabled=&#8221;off&#8221; button_border_color__hover_enabled=&#8221;off&#8221; button_one_border_color__hover_enabled=&#8221;off&#8221; button_two_border_color__hover_enabled=&#8221;off&#8221; button_border_radius__hover_enabled=&#8221;off&#8221; button_one_border_radius__hover_enabled=&#8221;off&#8221; button_two_border_radius__hover_enabled=&#8221;off&#8221; button_letter_spacing__hover_enabled=&#8221;off&#8221; button_one_letter_spacing__hover_enabled=&#8221;off&#8221; button_two_letter_spacing__hover_enabled=&#8221;off&#8221; button_bg_color__hover_enabled=&#8221;off&#8221; button_one_bg_color__hover_enabled=&#8221;off&#8221; button_two_bg_color__hover_enabled=&#8221;off&#8221;][\/et_pb_contact_field][et_pb_contact_field field_id=&#8221;Phone&#8221; field_title=&#8221;Telefone&#8221; allowed_symbols=&#8221;numbers&#8221; fullwidth_field=&#8221;on&#8221; _builder_version=&#8221;4.15&#8243; global_colors_info=&#8221;{}&#8221; button_text_size__hover_enabled=&#8221;off&#8221; button_one_text_size__hover_enabled=&#8221;off&#8221; button_two_text_size__hover_enabled=&#8221;off&#8221; button_text_color__hover_enabled=&#8221;off&#8221; button_one_text_color__hover_enabled=&#8221;off&#8221; button_two_text_color__hover_enabled=&#8221;off&#8221; button_border_width__hover_enabled=&#8221;off&#8221; button_one_border_width__hover_enabled=&#8221;off&#8221; button_two_border_width__hover_enabled=&#8221;off&#8221; button_border_color__hover_enabled=&#8221;off&#8221; button_one_border_color__hover_enabled=&#8221;off&#8221; button_two_border_color__hover_enabled=&#8221;off&#8221; button_border_radius__hover_enabled=&#8221;off&#8221; button_one_border_radius__hover_enabled=&#8221;off&#8221; button_two_border_radius__hover_enabled=&#8221;off&#8221; button_letter_spacing__hover_enabled=&#8221;off&#8221; button_one_letter_spacing__hover_enabled=&#8221;off&#8221; button_two_letter_spacing__hover_enabled=&#8221;off&#8221; button_bg_color__hover_enabled=&#8221;off&#8221; button_one_bg_color__hover_enabled=&#8221;off&#8221; button_two_bg_color__hover_enabled=&#8221;off&#8221;][\/et_pb_contact_field][et_pb_contact_field field_id=&#8221;Message&#8221; field_title=&#8221;Mensagem&#8221; field_type=&#8221;text&#8221; fullwidth_field=&#8221;on&#8221; _builder_version=&#8221;4.15&#8243; global_colors_info=&#8221;{}&#8221; button_text_size__hover_enabled=&#8221;off&#8221; button_one_text_size__hover_enabled=&#8221;off&#8221; button_two_text_size__hover_enabled=&#8221;off&#8221; button_text_color__hover_enabled=&#8221;off&#8221; button_one_text_color__hover_enabled=&#8221;off&#8221; button_two_text_color__hover_enabled=&#8221;off&#8221; button_border_width__hover_enabled=&#8221;off&#8221; button_one_border_width__hover_enabled=&#8221;off&#8221; button_two_border_width__hover_enabled=&#8221;off&#8221; button_border_color__hover_enabled=&#8221;off&#8221; button_one_border_color__hover_enabled=&#8221;off&#8221; button_two_border_color__hover_enabled=&#8221;off&#8221; button_border_radius__hover_enabled=&#8221;off&#8221; button_one_border_radius__hover_enabled=&#8221;off&#8221; button_two_border_radius__hover_enabled=&#8221;off&#8221; button_letter_spacing__hover_enabled=&#8221;off&#8221; button_one_letter_spacing__hover_enabled=&#8221;off&#8221; button_two_letter_spacing__hover_enabled=&#8221;off&#8221; button_bg_color__hover_enabled=&#8221;off&#8221; button_one_bg_color__hover_enabled=&#8221;off&#8221; button_two_bg_color__hover_enabled=&#8221;off&#8221;][\/et_pb_contact_field][\/et_pb_contact_form][\/et_pb_column][\/et_pb_row][\/et_pb_section][et_pb_section fb_built=&#8221;1&#8243; disabled_on=&#8221;on|on|on&#8221; _builder_version=&#8221;4.15&#8243; _module_preset=&#8221;default&#8221; disabled=&#8221;on&#8221; global_colors_info=&#8221;{}&#8221;][et_pb_row _builder_version=&#8221;4.15&#8243; _module_preset=&#8221;default&#8221; global_colors_info=&#8221;{}&#8221;][et_pb_column type=&#8221;4_4&#8243; _builder_version=&#8221;4.15&#8243; _module_preset=&#8221;default&#8221; global_colors_info=&#8221;{}&#8221;][et_pb_map address=&#8221;2570 Matheson Blvd E, Mississauga, ON L4W 4Z3, Canada&#8221; address_lat=&#8221;43.659326&#8243; address_lng=&#8221;-79.6028693&#8243; _builder_version=&#8221;4.15&#8243; _module_preset=&#8221;default&#8221; global_colors_info=&#8221;{}&#8221;][et_pb_map_pin title=&#8221;Marot International Inc&#8221; pin_address=&#8221;2570 Matheson Blvd E #209, Mississauga, ON L4W 4Z3, Canada&#8221; pin_address_lat=&#8221;43.6592673&#8243; pin_address_lng=&#8221;-79.6028953&#8243; _builder_version=&#8221;4.11.3&#8243; _module_preset=&#8221;default&#8221; global_colors_info=&#8221;{}&#8221;]<\/p>\n<p>2570 Matheson Blvd E<br \/>Suite 209<br \/>Mississauga, Ont\u00e1rio<br \/>CANAD\u00c1 L4W 4Z3<\/p>\n<p>[\/et_pb_map_pin][\/et_pb_map][\/et_pb_column][\/et_pb_row][\/et_pb_section][et_pb_section fb_built=&#8221;1&#8243; fullwidth=&#8221;on&#8221; _builder_version=&#8221;4.15&#8243; _module_preset=&#8221;default&#8221; global_colors_info=&#8221;{}&#8221;][et_pb_fullwidth_map address=&#8221;2570 Matheson Blvd E, Mississauga, ON L4W 4Z3, Canada&#8221; address_lat=&#8221;43.6592673&#8243; address_lng=&#8221;-79.6028953&#8243; _builder_version=&#8221;4.15&#8243; _module_preset=&#8221;default&#8221; global_colors_info=&#8221;{}&#8221;][et_pb_map_pin title=&#8221;Marot International Inc.&#8221; pin_address=&#8221;2570 Matheson Blvd E #209, Mississauga, ON L4W 4Z3, Canada&#8221; pin_address_lat=&#8221;43.6592673&#8243; pin_address_lng=&#8221;-79.6028953&#8243; _builder_version=&#8221;4.11.3&#8243; _module_preset=&#8221;default&#8221; global_colors_info=&#8221;{}&#8221;]<\/p>\n<p><strong>2570 Matheson Blvd E<\/strong><br \/><strong>Suite 209<\/strong><br \/><strong>Mississauga, Ont\u00e1rio<\/strong><br \/><strong>CANAD\u00c1 L4W 4Z3<\/strong><\/p>\n<p>[\/et_pb_map_pin][\/et_pb_fullwidth_map][\/et_pb_section]<\/p>\n","protected":false},"excerpt":{"rendered":"<p>Entre em contato conosco2570 Matheson Blvd ESuite 209Mississauga, Ont\u00e1rioCANAD\u00c1 L4W 4Z32570 Matheson Blvd ESuite 209Mississauga, Ont\u00e1rioCANAD\u00c1 L4W 4Z3<\/p>\n","protected":false},"author":1,"featured_media":0,"parent":0,"menu_order":7,"comment_status":"closed","ping_status":"closed","template":"","meta":{"_et_pb_use_builder":"on","_et_pb_old_content":"","_et_gb_content_width":"","_exactmetrics_skip_tracking":false,"_exactmetrics_sitenote_active":false,"_exactmetrics_sitenote_note":"","_exactmetrics_sitenote_category":0,"footnotes":""},"yoast_head":"<!-- This site is optimized with the Yoast SEO plugin v24.5 - https:\/\/yoast.com\/wordpress\/plugins\/seo\/ -->\n<title>Fale conosco - Marot International<\/title>\n<meta name=\"robots\" content=\"index, follow, max-snippet:-1, max-image-preview:large, max-video-preview:-1\" \/>\n<link rel=\"canonical\" href=\"http:\/\/www.marotinternational.com\/pt-br\/fale-conosco\/\" \/>\n<meta property=\"og:locale\" content=\"pt_BR\" \/>\n<meta property=\"og:type\" content=\"article\" \/>\n<meta property=\"og:title\" content=\"Fale conosco - Marot International\" \/>\n<meta property=\"og:description\" content=\"Entre em contato conosco2570 Matheson Blvd ESuite 209Mississauga, Ont\u00e1rioCANAD\u00c1 L4W 4Z32570 Matheson Blvd ESuite 209Mississauga, Ont\u00e1rioCANAD\u00c1 L4W 4Z3\" \/>\n<meta property=\"og:url\" content=\"http:\/\/www.marotinternational.com\/pt-br\/fale-conosco\/\" \/>\n<meta property=\"og:site_name\" content=\"Marot International\" \/>\n<meta property=\"article:publisher\" content=\"https:\/\/www.facebook.com\/MarotInternationalInc\" \/>\n<meta property=\"article:modified_time\" content=\"2022-03-25T22:35:32+00:00\" \/>\n<meta name=\"twitter:card\" content=\"summary_large_image\" \/>\n<meta name=\"twitter:label1\" content=\"Est. tempo de leitura\" \/>\n\t<meta name=\"twitter:data1\" content=\"8 minutos\" \/>\n<script type=\"application\/ld+json\" class=\"yoast-schema-graph\">{\"@context\":\"https:\/\/schema.org\",\"@graph\":[{\"@type\":\"WebPage\",\"@id\":\"http:\/\/www.marotinternational.com\/pt-br\/fale-conosco\/\",\"url\":\"http:\/\/www.marotinternational.com\/pt-br\/fale-conosco\/\",\"name\":\"Fale conosco - Marot International\",\"isPartOf\":{\"@id\":\"http:\/\/www.marotinternational.com\/pt-br\/#website\"},\"datePublished\":\"2021-11-18T20:47:54+00:00\",\"dateModified\":\"2022-03-25T22:35:32+00:00\",\"breadcrumb\":{\"@id\":\"http:\/\/www.marotinternational.com\/pt-br\/fale-conosco\/#breadcrumb\"},\"inLanguage\":\"pt-BR\",\"potentialAction\":[{\"@type\":\"ReadAction\",\"target\":[\"http:\/\/www.marotinternational.com\/pt-br\/fale-conosco\/\"]}]},{\"@type\":\"BreadcrumbList\",\"@id\":\"http:\/\/www.marotinternational.com\/pt-br\/fale-conosco\/#breadcrumb\",\"itemListElement\":[{\"@type\":\"ListItem\",\"position\":1,\"name\":\"Home\",\"item\":\"http:\/\/www.marotinternational.com\/pt-br\/\"},{\"@type\":\"ListItem\",\"position\":2,\"name\":\"Fale conosco\"}]},{\"@type\":\"WebSite\",\"@id\":\"http:\/\/www.marotinternational.com\/pt-br\/#website\",\"url\":\"http:\/\/www.marotinternational.com\/pt-br\/\",\"name\":\"Marot International\",\"description\":\"Global trader of meat and poultry products.\",\"publisher\":{\"@id\":\"http:\/\/www.marotinternational.com\/pt-br\/#organization\"},\"potentialAction\":[{\"@type\":\"SearchAction\",\"target\":{\"@type\":\"EntryPoint\",\"urlTemplate\":\"http:\/\/www.marotinternational.com\/pt-br\/?s={search_term_string}\"},\"query-input\":{\"@type\":\"PropertyValueSpecification\",\"valueRequired\":true,\"valueName\":\"search_term_string\"}}],\"inLanguage\":\"pt-BR\"},{\"@type\":\"Organization\",\"@id\":\"http:\/\/www.marotinternational.com\/pt-br\/#organization\",\"name\":\"Marot International Inc\",\"url\":\"http:\/\/www.marotinternational.com\/pt-br\/\",\"logo\":{\"@type\":\"ImageObject\",\"inLanguage\":\"pt-BR\",\"@id\":\"http:\/\/www.marotinternational.com\/pt-br\/#\/schema\/logo\/image\/\",\"url\":\"http:\/\/www.marotinternational.com\/wp-content\/uploads\/2022\/03\/25YEARS-Anniversary-logo-web-3.png\",\"contentUrl\":\"http:\/\/www.marotinternational.com\/wp-content\/uploads\/2022\/03\/25YEARS-Anniversary-logo-web-3.png\",\"width\":755,\"height\":156,\"caption\":\"Marot International Inc\"},\"image\":{\"@id\":\"http:\/\/www.marotinternational.com\/pt-br\/#\/schema\/logo\/image\/\"},\"sameAs\":[\"https:\/\/www.facebook.com\/MarotInternationalInc\",\"https:\/\/www.linkedin.com\/company\/marot-food-brokers-inc.\/about\/\"]}]}<\/script>\n<!-- \/ Yoast SEO plugin. -->","yoast_head_json":{"title":"Fale conosco - Marot International","robots":{"index":"index","follow":"follow","max-snippet":"max-snippet:-1","max-image-preview":"max-image-preview:large","max-video-preview":"max-video-preview:-1"},"canonical":"http:\/\/www.marotinternational.com\/pt-br\/fale-conosco\/","og_locale":"pt_BR","og_type":"article","og_title":"Fale conosco - Marot International","og_description":"Entre em contato conosco2570 Matheson Blvd ESuite 209Mississauga, Ont\u00e1rioCANAD\u00c1 L4W 4Z32570 Matheson Blvd ESuite 209Mississauga, Ont\u00e1rioCANAD\u00c1 L4W 4Z3","og_url":"http:\/\/www.marotinternational.com\/pt-br\/fale-conosco\/","og_site_name":"Marot International","article_publisher":"https:\/\/www.facebook.com\/MarotInternationalInc","article_modified_time":"2022-03-25T22:35:32+00:00","twitter_card":"summary_large_image","twitter_misc":{"Est. tempo de leitura":"8 minutos"},"schema":{"@context":"https:\/\/schema.org","@graph":[{"@type":"WebPage","@id":"http:\/\/www.marotinternational.com\/pt-br\/fale-conosco\/","url":"http:\/\/www.marotinternational.com\/pt-br\/fale-conosco\/","name":"Fale conosco - Marot International","isPartOf":{"@id":"http:\/\/www.marotinternational.com\/pt-br\/#website"},"datePublished":"2021-11-18T20:47:54+00:00","dateModified":"2022-03-25T22:35:32+00:00","breadcrumb":{"@id":"http:\/\/www.marotinternational.com\/pt-br\/fale-conosco\/#breadcrumb"},"inLanguage":"pt-BR","potentialAction":[{"@type":"ReadAction","target":["http:\/\/www.marotinternational.com\/pt-br\/fale-conosco\/"]}]},{"@type":"BreadcrumbList","@id":"http:\/\/www.marotinternational.com\/pt-br\/fale-conosco\/#breadcrumb","itemListElement":[{"@type":"ListItem","position":1,"name":"Home","item":"http:\/\/www.marotinternational.com\/pt-br\/"},{"@type":"ListItem","position":2,"name":"Fale conosco"}]},{"@type":"WebSite","@id":"http:\/\/www.marotinternational.com\/pt-br\/#website","url":"http:\/\/www.marotinternational.com\/pt-br\/","name":"Marot International","description":"Global trader of meat and poultry products.","publisher":{"@id":"http:\/\/www.marotinternational.com\/pt-br\/#organization"},"potentialAction":[{"@type":"SearchAction","target":{"@type":"EntryPoint","urlTemplate":"http:\/\/www.marotinternational.com\/pt-br\/?s={search_term_string}"},"query-input":{"@type":"PropertyValueSpecification","valueRequired":true,"valueName":"search_term_string"}}],"inLanguage":"pt-BR"},{"@type":"Organization","@id":"http:\/\/www.marotinternational.com\/pt-br\/#organization","name":"Marot International Inc","url":"http:\/\/www.marotinternational.com\/pt-br\/","logo":{"@type":"ImageObject","inLanguage":"pt-BR","@id":"http:\/\/www.marotinternational.com\/pt-br\/#\/schema\/logo\/image\/","url":"http:\/\/www.marotinternational.com\/wp-content\/uploads\/2022\/03\/25YEARS-Anniversary-logo-web-3.png","contentUrl":"http:\/\/www.marotinternational.com\/wp-content\/uploads\/2022\/03\/25YEARS-Anniversary-logo-web-3.png","width":755,"height":156,"caption":"Marot International Inc"},"image":{"@id":"http:\/\/www.marotinternational.com\/pt-br\/#\/schema\/logo\/image\/"},"sameAs":["https:\/\/www.facebook.com\/MarotInternationalInc","https:\/\/www.linkedin.com\/company\/marot-food-brokers-inc.\/about\/"]}]}},"_links":{"self":[{"href":"http:\/\/www.marotinternational.com\/pt-br\/wp-json\/wp\/v2\/pages\/4460"}],"collection":[{"href":"http:\/\/www.marotinternational.com\/pt-br\/wp-json\/wp\/v2\/pages"}],"about":[{"href":"http:\/\/www.marotinternational.com\/pt-br\/wp-json\/wp\/v2\/types\/page"}],"author":[{"embeddable":true,"href":"http:\/\/www.marotinternational.com\/pt-br\/wp-json\/wp\/v2\/users\/1"}],"replies":[{"embeddable":true,"href":"http:\/\/www.marotinternational.com\/pt-br\/wp-json\/wp\/v2\/comments?post=4460"}],"version-history":[{"count":0,"href":"http:\/\/www.marotinternational.com\/pt-br\/wp-json\/wp\/v2\/pages\/4460\/revisions"}],"wp:attachment":[{"href":"http:\/\/www.marotinternational.com\/pt-br\/wp-json\/wp\/v2\/media?parent=4460"}],"curies":[{"name":"wp","href":"https:\/\/api.w.org\/{rel}","templated":true}]}}