{"id":4373,"date":"2021-10-14T22:45:16","date_gmt":"2021-10-15T03:45:16","guid":{"rendered":"http:\/\/www.marotinternational.com\/conhecimento-do-produto\/"},"modified":"2022-03-26T20:51:23","modified_gmt":"2022-03-27T01:51:23","slug":"conhecimento-do-produto","status":"publish","type":"page","link":"http:\/\/www.marotinternational.com\/pt-br\/conhecimento-do-produto\/","title":{"rendered":"Conhecimento do produto"},"content":{"rendered":"<p>[et_pb_section fb_built=&#8221;1&#8243; disabled_on=&#8221;on|off|off&#8221; admin_label=&#8221;Hero&#8221; _builder_version=&#8221;4.15.1&#8243; background_enable_color=&#8221;off&#8221; use_background_color_gradient=&#8221;on&#8221; background_color_gradient_start=&#8221;#ffffff&#8221; background_color_gradient_end=&#8221;rgba(0,0,0,0.8)&#8221; background_image=&#8221;http:\/\/www.marotinternational.com\/wp-content\/uploads\/2022\/03\/Product-Knowledge-1.png&#8221; background_blend=&#8221;overlay&#8221; background_enable_video_mp4=&#8221;off&#8221; height=&#8221;504px&#8221; custom_padding=&#8221;73px|||||&#8221; animation_style=&#8221;fade&#8221; animation_direction=&#8221;bottom&#8221; hover_enabled=&#8221;0&#8243; background_last_edited=&#8221;on|desktop&#8221; background_enable_color_phone=&#8221;off&#8221; parallax_phone=&#8221;off&#8221; background_position_phone=&#8221;top_left&#8221; background_blend_phone=&#8221;darken&#8221; locked=&#8221;off&#8221; global_colors_info=&#8221;{}&#8221; title_text=&#8221;Product-Knowledge-1&#8243; sticky_enabled=&#8221;0&#8243;][et_pb_row column_structure=&#8221;1_2,1_2&#8243; use_custom_gutter=&#8221;on&#8221; gutter_width=&#8221;1&#8243; module_class=&#8221; et_pb_row_fullwidth&#8221; _builder_version=&#8221;4.15&#8243; background_enable_color=&#8221;off&#8221; width=&#8221;90%&#8221; width_tablet=&#8221;100%&#8221; width_phone=&#8221;&#8221; width_last_edited=&#8221;on|desktop&#8221; max_width=&#8221;100%&#8221; max_width_tablet=&#8221;100%&#8221; max_width_phone=&#8221;&#8221; max_width_last_edited=&#8221;on|desktop&#8221; min_height=&#8221;495.7px&#8221; custom_margin=&#8221;0px||||false|false&#8221; custom_padding=&#8221;30px|||60px|false|false&#8221; make_fullwidth=&#8221;on&#8221; global_colors_info=&#8221;{}&#8221;][et_pb_column type=&#8221;1_2&#8243; _builder_version=&#8221;4.15&#8243; custom_padding=&#8221;|||&#8221; global_colors_info=&#8221;{}&#8221; custom_padding__hover=&#8221;|||&#8221;][et_pb_text admin_label=&#8221;Hero Title&#8221; _builder_version=&#8221;4.15&#8243; text_font=&#8221;||||&#8221; text_text_color=&#8221;#1a1a1a&#8221; header_font=&#8221;Open Sans|800|||||||&#8221; header_text_align=&#8221;left&#8221; header_text_color=&#8221;#FFFFFF&#8221; header_font_size=&#8221;48px&#8221; header_line_height=&#8221;1.3em&#8221; background_enable_color=&#8221;off&#8221; background_layout=&#8221;dark&#8221; max_width=&#8221;709px&#8221; custom_margin=&#8221;0px|||20px|false|false&#8221; custom_padding=&#8221;||10px|0px|false|false&#8221; animation_style=&#8221;slide&#8221; animation_direction=&#8221;top&#8221; animation_intensity_slide=&#8221;10%&#8221; header_text_shadow_style=&#8221;preset4&#8243; header_text_shadow_color=&#8221;#000000&#8243; locked=&#8221;off&#8221; global_colors_info=&#8221;{}&#8221;]<\/p>\n<h1>Conhecimento do produto<\/h1>\n<p>[\/et_pb_text][\/et_pb_column][et_pb_column type=&#8221;1_2&#8243; _builder_version=&#8221;4.15&#8243; custom_padding=&#8221;|0px||18px|false|false&#8221; global_colors_info=&#8221;{}&#8221; custom_padding__hover=&#8221;|||&#8221;][et_pb_divider color=&#8221;#ef9f00&#8243; divider_position=&#8221;center&#8221; divider_weight=&#8221;3px&#8221; disabled_on=&#8221;on|on|off%22&#8243; _builder_version=&#8221;4.15&#8243; max_width=&#8221;150px&#8221; height=&#8221;false&#8221; custom_margin=&#8221;-17px|||||&#8221; custom_padding=&#8221;|||0px|false|false&#8221; animation_style=&#8221;slide&#8221; animation_direction=&#8221;top&#8221; animation_delay=&#8221;100ms&#8221; animation_intensity_slide=&#8221;10%&#8221; border_width_all=&#8221;0px&#8221; border_color_all=&#8221;RGBA(0,0,0,0)&#8221; locked=&#8221;off&#8221; global_colors_info=&#8221;{}&#8221;][\/et_pb_divider][et_pb_text admin_label=&#8221;Hero Sub Title&#8221; _builder_version=&#8221;4.15&#8243; text_font=&#8221;Open Sans||on||||||&#8221; text_text_color=&#8221;#FFFFFF&#8221; text_font_size=&#8221;18px&#8221; text_line_height=&#8221;30px&#8221; background_color=&#8221;rgba(112,0,56,0.83)&#8221; background_size=&#8221;initial&#8221; background_position=&#8221;top_left&#8221; background_repeat=&#8221;repeat&#8221; background_layout=&#8221;dark&#8221; custom_margin=&#8221;10px|20px|1px||false|false&#8221; custom_padding=&#8221;20px|30px|20px|30px|false|false&#8221; animation_style=&#8221;slide&#8221; animation_direction=&#8221;top&#8221; animation_delay=&#8221;200ms&#8221; animation_intensity_slide=&#8221;10%&#8221; locked=&#8221;off&#8221; global_colors_info=&#8221;{}&#8221;]A reputa\u00e7\u00e3o de um fornecedor de alimentos est\u00e1 em sua capacidade de fornecer um produto de alta qualidade, devidamente inspecionado e certificado no momento certo e a um pre\u00e7o competitivo.[\/et_pb_text][\/et_pb_column][\/et_pb_row][\/et_pb_section][et_pb_section fb_built=&#8221;1&#8243; disabled_on=&#8221;off|on|on&#8221; admin_label=&#8221;Hero&#8221; _builder_version=&#8221;4.15.1&#8243; background_enable_color=&#8221;off&#8221; use_background_color_gradient=&#8221;on&#8221; background_color_gradient_start=&#8221;#ffffff&#8221; background_color_gradient_end=&#8221;rgba(0,0,0,0.8)&#8221; background_image=&#8221;http:\/\/www.marotinternational.com\/wp-content\/uploads\/2022\/03\/Product-Knowledge-1.png&#8221; background_blend=&#8221;overlay&#8221; background_enable_video_mp4=&#8221;off&#8221; height=&#8221;504px&#8221; custom_padding=&#8221;73px|||||&#8221; animation_style=&#8221;fade&#8221; animation_direction=&#8221;bottom&#8221; hover_enabled=&#8221;0&#8243; background_last_edited=&#8221;on|desktop&#8221; background_enable_color_phone=&#8221;off&#8221; parallax_phone=&#8221;off&#8221; background_position_phone=&#8221;top_left&#8221; background_blend_phone=&#8221;darken&#8221; locked=&#8221;off&#8221; global_colors_info=&#8221;{}&#8221; title_text=&#8221;Product-Knowledge-1&#8243; sticky_enabled=&#8221;0&#8243; background_horizontal_offset_phone=&#8221;69%&#8221;][et_pb_row column_structure=&#8221;1_2,1_2&#8243; use_custom_gutter=&#8221;on&#8221; gutter_width=&#8221;1&#8243; module_class=&#8221; et_pb_row_fullwidth&#8221; _builder_version=&#8221;4.15&#8243; background_enable_color=&#8221;off&#8221; width=&#8221;90%&#8221; width_tablet=&#8221;100%&#8221; width_phone=&#8221;&#8221; width_last_edited=&#8221;on|desktop&#8221; max_width=&#8221;100%&#8221; max_width_tablet=&#8221;100%&#8221; max_width_phone=&#8221;&#8221; max_width_last_edited=&#8221;on|desktop&#8221; min_height=&#8221;495.7px&#8221; custom_margin=&#8221;0px||||false|false&#8221; custom_padding=&#8221;6px|||5px|false|false&#8221; make_fullwidth=&#8221;on&#8221; global_colors_info=&#8221;{}&#8221;][et_pb_column type=&#8221;1_2&#8243; _builder_version=&#8221;4.15&#8243; custom_padding=&#8221;|||&#8221; global_colors_info=&#8221;{}&#8221; custom_padding__hover=&#8221;|||&#8221;][et_pb_text admin_label=&#8221;Hero Title&#8221; _builder_version=&#8221;4.15&#8243; text_font=&#8221;||||&#8221; text_text_color=&#8221;#1a1a1a&#8221; header_font=&#8221;Open Sans|800|||||||&#8221; header_text_align=&#8221;left&#8221; header_text_color=&#8221;#FFFFFF&#8221; header_font_size=&#8221;48px&#8221; header_line_height=&#8221;1.3em&#8221; background_enable_color=&#8221;off&#8221; background_layout=&#8221;dark&#8221; max_width=&#8221;709px&#8221; custom_margin=&#8221;0px||-13px|20px|false|false&#8221; custom_padding=&#8221;||10px|0px|false|false&#8221; animation_style=&#8221;slide&#8221; animation_direction=&#8221;top&#8221; animation_intensity_slide=&#8221;10%&#8221; header_text_shadow_style=&#8221;preset4&#8243; header_text_shadow_color=&#8221;#000000&#8243; locked=&#8221;off&#8221; global_colors_info=&#8221;{}&#8221;]<\/p>\n<h1>Conhecimento do produto<\/h1>\n<p>[\/et_pb_text][\/et_pb_column][et_pb_column type=&#8221;1_2&#8243; _builder_version=&#8221;4.15&#8243; custom_padding=&#8221;|0px||18px|false|false&#8221; global_colors_info=&#8221;{}&#8221; custom_padding__hover=&#8221;|||&#8221;][et_pb_divider color=&#8221;#ef9f00&#8243; divider_position=&#8221;center&#8221; divider_weight=&#8221;3px&#8221; disabled_on=&#8221;on|on|off%22&#8243; _builder_version=&#8221;4.15&#8243; max_width=&#8221;150px&#8221; height=&#8221;false&#8221; custom_margin=&#8221;-17px|||||&#8221; custom_padding=&#8221;|||0px|false|false&#8221; animation_style=&#8221;slide&#8221; animation_direction=&#8221;top&#8221; animation_delay=&#8221;100ms&#8221; animation_intensity_slide=&#8221;10%&#8221; border_width_all=&#8221;0px&#8221; border_color_all=&#8221;RGBA(0,0,0,0)&#8221; locked=&#8221;off&#8221; global_colors_info=&#8221;{}&#8221;][\/et_pb_divider][et_pb_text admin_label=&#8221;Hero Sub Title&#8221; _builder_version=&#8221;4.15&#8243; text_font=&#8221;Open Sans||on||||||&#8221; text_text_color=&#8221;#FFFFFF&#8221; text_font_size=&#8221;18px&#8221; text_line_height=&#8221;24.2px&#8221; background_color=&#8221;rgba(112,0,56,0.83)&#8221; background_size=&#8221;initial&#8221; background_position=&#8221;top_left&#8221; background_repeat=&#8221;repeat&#8221; background_layout=&#8221;dark&#8221; custom_margin=&#8221;10px|20px|1px||false|false&#8221; custom_padding=&#8221;20px|30px|20px|30px|false|false&#8221; animation_style=&#8221;slide&#8221; animation_direction=&#8221;top&#8221; animation_delay=&#8221;200ms&#8221; animation_intensity_slide=&#8221;10%&#8221; locked=&#8221;off&#8221; global_colors_info=&#8221;{}&#8221;]<\/p>\n<p>A reputa\u00e7\u00e3o de um fornecedor de alimentos est\u00e1 em sua capacidade de fornecer um produto de alta qualidade, devidamente inspecionado e certificado no momento certo e a um pre\u00e7o competitivo.<\/p>\n<p>[\/et_pb_text][\/et_pb_column][\/et_pb_row][\/et_pb_section][et_pb_section fb_built=&#8221;1&#8243; _builder_version=&#8221;4.15.1&#8243; background_enable_color=&#8221;off&#8221; use_background_color_gradient=&#8221;on&#8221; background_color_gradient_start=&#8221;rgba(19,59,112,0.14)&#8221; background_color_gradient_end=&#8221;#000311&#8243; background_color_gradient_direction=&#8221;301deg&#8221; background_color_gradient_end_position=&#8221;67%&#8221; background_image=&#8221;http:\/\/www.marotinternational.com\/wp-content\/uploads\/2022\/03\/Product-Knowledge-standards.png&#8221; background_blend=&#8221;multiply&#8221; custom_padding=&#8221;9px||127px|||&#8221; hover_enabled=&#8221;0&#8243; global_colors_info=&#8221;{}&#8221; title_text=&#8221;Product-Knowledge-standards&#8221; background_position=&#8221;top_center&#8221; sticky_enabled=&#8221;0&#8243;][et_pb_row column_structure=&#8221;1_2,1_2&#8243; _builder_version=&#8221;4.15&#8243; custom_padding=&#8221;34px||12px|||&#8221; global_colors_info=&#8221;{}&#8221;][et_pb_column type=&#8221;1_2&#8243; _builder_version=&#8221;4.15&#8243; custom_padding=&#8221;|||&#8221; global_colors_info=&#8221;{}&#8221; custom_padding__hover=&#8221;|||&#8221;][et_pb_divider color=&#8221;#f78c00&#8243; divider_position=&#8221;center&#8221; divider_weight=&#8221;3px&#8221; disabled_on=&#8221;on|on|off%22&#8243; _builder_version=&#8221;4.15&#8243; max_width=&#8221;150px&#8221; height=&#8221;false&#8221; custom_margin=&#8221;7px|||||&#8221; animation_style=&#8221;slide&#8221; animation_direction=&#8221;top&#8221; animation_delay=&#8221;100ms&#8221; animation_intensity_slide=&#8221;10%&#8221; locked=&#8221;off&#8221; global_colors_info=&#8221;{}&#8221;][\/et_pb_divider][et_pb_blurb title=&#8221;Entendendo nossos produtos&#8221; use_icon=&#8221;on&#8221; font_icon=&#8221;&#x52;||divi||400&#8243; icon_color=&#8221;#f78c00&#8243; icon_placement=&#8221;left&#8221; _builder_version=&#8221;4.15&#8243; _module_preset=&#8221;default&#8221; header_font=&#8221;Open Sans|700|||||||&#8221; header_text_color=&#8221;#FFFFFF&#8221; header_font_size=&#8221;24px&#8221; header_line_height=&#8221;1.2em&#8221; body_font=&#8221;Open Sans||||||||&#8221; body_text_color=&#8221;#FFFFFF&#8221; body_font_size=&#8221;16px&#8221; animation_style=&#8221;slide&#8221; animation_direction=&#8221;bottom&#8221; global_colors_info=&#8221;{}&#8221;]<\/p>\n<p>O com\u00e9rcio de produtos alimentares \u00e9 mais do que apenas a transa\u00e7\u00e3o de um produto em uma caixa. Os produtos t\u00eam v\u00e1rias configura\u00e7\u00f5es. Estamos comprometidos em compreender as exig\u00eancias exclusivas de nossos clientes, que podem incluir especifica\u00e7\u00f5es de produtos e embalagens, considera\u00e7\u00f5es culturais e religiosas, exig\u00eancias do pa\u00eds de origem e prefer\u00eancias espec\u00edficas do mercado.<\/p>\n<p>[\/et_pb_blurb][et_pb_blurb title=&#8221;Compromisso com a qualidade&#8221; use_icon=&#8221;on&#8221; font_icon=&#8221;&#x52;||divi||400&#8243; icon_color=&#8221;#f78c00&#8243; icon_placement=&#8221;left&#8221; _builder_version=&#8221;4.15&#8243; _module_preset=&#8221;default&#8221; header_font=&#8221;Open Sans|700|||||||&#8221; header_text_color=&#8221;#FFFFFF&#8221; header_font_size=&#8221;24px&#8221; header_line_height=&#8221;1.2em&#8221; body_font=&#8221;Open Sans||||||||&#8221; body_text_color=&#8221;#FFFFFF&#8221; body_font_size=&#8221;16px&#8221; animation_style=&#8221;slide&#8221; animation_direction=&#8221;bottom&#8221; global_colors_info=&#8221;{}&#8221;]<\/p>\n<p>Na <strong>Marot International Inc.<\/strong>, entendemos as prefer\u00eancias do mercado e oferecemos expertise em uma grande variedade de produtos apoiados por fornecedores em diversas regi\u00f5es. Visitamos regularmente nossos fornecedores locais e internacionais para assegurar que continuemos a cumprir nossa promessa de fornecer a mais alta qualidade.<\/p>\n<p>[\/et_pb_blurb][\/et_pb_column][et_pb_column type=&#8221;1_2&#8243; _builder_version=&#8221;4.15&#8243; custom_padding=&#8221;|||&#8221; global_colors_info=&#8221;{}&#8221; custom_padding__hover=&#8221;|||&#8221;][et_pb_blurb title=&#8221;Normas e regulamentos internacionais&#8221; use_icon=&#8221;on&#8221; font_icon=&#8221;&#x52;||divi||400&#8243; icon_color=&#8221;#f78c00&#8243; icon_placement=&#8221;left&#8221; _builder_version=&#8221;4.15&#8243; _module_preset=&#8221;default&#8221; header_font=&#8221;Open Sans|700|||||||&#8221; header_text_color=&#8221;#FFFFFF&#8221; header_font_size=&#8221;24px&#8221; header_line_height=&#8221;1.2em&#8221; body_font=&#8221;Open Sans||||||||&#8221; body_text_color=&#8221;#FFFFFF&#8221; body_font_size=&#8221;16px&#8221; custom_padding=&#8221;47px|||||&#8221; animation_style=&#8221;slide&#8221; animation_direction=&#8221;bottom&#8221; global_colors_info=&#8221;{}&#8221;]<\/p>\n<p>Atender \u00e0s necessidades de nossos parceiros tamb\u00e9m exige compreender uma multiplicidade de requisitos internacionais de inspe\u00e7\u00e3o, rotulagem e documenta\u00e7\u00e3o. Navegamos com habilidade pelas exig\u00eancias e regulamentos dos \u00f3rg\u00e3os dirigentes. Permanecendo a par das mudan\u00e7as que impactam nossos parceiros.<\/p>\n<p>[\/et_pb_blurb][et_pb_blurb title=&#8221;Presen\u00e7a global&#8221; use_icon=&#8221;on&#8221; font_icon=&#8221;&#x52;||divi||400&#8243; icon_color=&#8221;#f78c00&#8243; icon_placement=&#8221;left&#8221; _builder_version=&#8221;4.15&#8243; _module_preset=&#8221;default&#8221; header_font=&#8221;Open Sans|700|||||||&#8221; header_text_color=&#8221;#FFFFFF&#8221; header_font_size=&#8221;24px&#8221; header_line_height=&#8221;1.2em&#8221; body_font=&#8221;Open Sans||||||||&#8221; body_text_color=&#8221;#FFFFFF&#8221; body_font_size=&#8221;16px&#8221; custom_padding=&#8221;7px|||||&#8221; animation_style=&#8221;slide&#8221; animation_direction=&#8221;bottom&#8221; global_colors_info=&#8221;{}&#8221;]<\/p>\n<p>A <strong>Marot International Inc. <\/strong><span style=\"font-weight: 400;\">tem presen\u00e7a significativa nas principais regi\u00f5es de exporta\u00e7\u00e3o de prote\u00ednas. Sabemos exatamente onde obter cada item espec\u00edfico, resultando em transa\u00e7\u00f5es eficientes e mutuamente ben\u00e9ficas. Conhecemos os produtos de nossos fornecedores, entendemos as expectativas dos clientes e nos adaptamos \u00e0s tend\u00eancias do mercado a fim de entregar com sucesso as mercadorias que nossos clientes exigem e esperam.<\/span><\/p>\n<p><span style=\"font-weight: 400;\"><\/span><\/p>\n<p><span style=\"font-weight: 400;\"><span>A <strong>Marot International Inc.<\/strong> atinge a ess\u00eancia do que importa com parcerias industriais de valor inestim\u00e1vel, intelig\u00eancia de mercado perspicaz e conhecimento superior do produto. Convidamos abertamente novos parceiros a se juntarem \u00e0 nossa equipe.<\/span><\/span><\/p>\n<p>[\/et_pb_blurb][\/et_pb_column][\/et_pb_row][\/et_pb_section][et_pb_section fb_built=&#8221;1&#8243; _builder_version=&#8221;4.15&#8243; _module_preset=&#8221;default&#8221; link_option_url=&#8221;http:\/\/www.marotinternational.com\/contact-us-2\/&#8221; locked=&#8221;off&#8221; global_colors_info=&#8221;{}&#8221;][et_pb_row _builder_version=&#8221;4.15&#8243; _module_preset=&#8221;default&#8221; custom_padding=&#8221;6px||0px|||&#8221; global_colors_info=&#8221;{}&#8221;][et_pb_column type=&#8221;4_4&#8243; _builder_version=&#8221;4.15&#8243; _module_preset=&#8221;default&#8221; global_colors_info=&#8221;{}&#8221;][et_pb_cta title=&#8221;Para mais informa\u00e7\u00f5es, entre em contato com um de nossos comerciantes especializados.&#8221; button_text=&#8221;Clique aqui&#8221; _builder_version=&#8221;4.15&#8243; _module_preset=&#8221;default&#8221; header_text_color=&#8221;#000000&#8243; custom_padding=&#8221;16px||2px|||&#8221; animation_style=&#8221;slide&#8221; animation_direction=&#8221;bottom&#8221; link_option_url=&#8221;http:\/\/www.marotinternational.com\/contact-us-2\/&#8221; global_colors_info=&#8221;{}&#8221;][\/et_pb_cta][\/et_pb_column][\/et_pb_row][\/et_pb_section]<\/p>\n","protected":false},"excerpt":{"rendered":"<p>Conhecimento do produtoA reputa\u00e7\u00e3o de um fornecedor de alimentos est\u00e1 em sua capacidade de fornecer um produto de alta qualidade, devidamente inspecionado e certificado no momento certo e a um pre\u00e7o competitivo.Conhecimento do produtoA reputa\u00e7\u00e3o de um fornecedor de alimentos est\u00e1 em sua capacidade de fornecer um produto de alta qualidade, devidamente inspecionado e certificado [&hellip;]<\/p>\n","protected":false},"author":1,"featured_media":0,"parent":0,"menu_order":12,"comment_status":"closed","ping_status":"closed","template":"","meta":{"_et_pb_use_builder":"on","_et_pb_old_content":"","_et_gb_content_width":"","_exactmetrics_skip_tracking":false,"_exactmetrics_sitenote_active":false,"_exactmetrics_sitenote_note":"","_exactmetrics_sitenote_category":0,"footnotes":""},"yoast_head":"<!-- This site is optimized with the Yoast SEO plugin v24.5 - https:\/\/yoast.com\/wordpress\/plugins\/seo\/ -->\n<title>Conhecimento do produto - Marot International<\/title>\n<meta name=\"robots\" content=\"index, follow, max-snippet:-1, max-image-preview:large, max-video-preview:-1\" \/>\n<link rel=\"canonical\" href=\"http:\/\/www.marotinternational.com\/pt-br\/conhecimento-do-produto\/\" \/>\n<meta property=\"og:locale\" content=\"pt_BR\" \/>\n<meta property=\"og:type\" content=\"article\" \/>\n<meta property=\"og:title\" content=\"Conhecimento do produto - Marot International\" \/>\n<meta property=\"og:description\" content=\"Conhecimento do produtoA reputa\u00e7\u00e3o de um fornecedor de alimentos est\u00e1 em sua capacidade de fornecer um produto de alta qualidade, devidamente inspecionado e certificado no momento certo e a um pre\u00e7o competitivo.Conhecimento do produtoA reputa\u00e7\u00e3o de um fornecedor de alimentos est\u00e1 em sua capacidade de fornecer um produto de alta qualidade, devidamente inspecionado e certificado [&hellip;]\" \/>\n<meta property=\"og:url\" content=\"http:\/\/www.marotinternational.com\/pt-br\/conhecimento-do-produto\/\" \/>\n<meta property=\"og:site_name\" content=\"Marot International\" \/>\n<meta property=\"article:publisher\" content=\"https:\/\/www.facebook.com\/MarotInternationalInc\" \/>\n<meta property=\"article:modified_time\" content=\"2022-03-27T01:51:23+00:00\" \/>\n<meta name=\"twitter:card\" content=\"summary_large_image\" \/>\n<meta name=\"twitter:label1\" content=\"Est. tempo de leitura\" \/>\n\t<meta name=\"twitter:data1\" content=\"9 minutos\" \/>\n<script type=\"application\/ld+json\" class=\"yoast-schema-graph\">{\"@context\":\"https:\/\/schema.org\",\"@graph\":[{\"@type\":\"WebPage\",\"@id\":\"http:\/\/www.marotinternational.com\/pt-br\/conhecimento-do-produto\/\",\"url\":\"http:\/\/www.marotinternational.com\/pt-br\/conhecimento-do-produto\/\",\"name\":\"Conhecimento do produto - Marot International\",\"isPartOf\":{\"@id\":\"http:\/\/www.marotinternational.com\/pt-br\/#website\"},\"datePublished\":\"2021-10-15T03:45:16+00:00\",\"dateModified\":\"2022-03-27T01:51:23+00:00\",\"breadcrumb\":{\"@id\":\"http:\/\/www.marotinternational.com\/pt-br\/conhecimento-do-produto\/#breadcrumb\"},\"inLanguage\":\"pt-BR\",\"potentialAction\":[{\"@type\":\"ReadAction\",\"target\":[\"http:\/\/www.marotinternational.com\/pt-br\/conhecimento-do-produto\/\"]}]},{\"@type\":\"BreadcrumbList\",\"@id\":\"http:\/\/www.marotinternational.com\/pt-br\/conhecimento-do-produto\/#breadcrumb\",\"itemListElement\":[{\"@type\":\"ListItem\",\"position\":1,\"name\":\"Home\",\"item\":\"http:\/\/www.marotinternational.com\/pt-br\/\"},{\"@type\":\"ListItem\",\"position\":2,\"name\":\"Conhecimento do produto\"}]},{\"@type\":\"WebSite\",\"@id\":\"http:\/\/www.marotinternational.com\/pt-br\/#website\",\"url\":\"http:\/\/www.marotinternational.com\/pt-br\/\",\"name\":\"Marot International\",\"description\":\"Global trader of meat and poultry products.\",\"publisher\":{\"@id\":\"http:\/\/www.marotinternational.com\/pt-br\/#organization\"},\"potentialAction\":[{\"@type\":\"SearchAction\",\"target\":{\"@type\":\"EntryPoint\",\"urlTemplate\":\"http:\/\/www.marotinternational.com\/pt-br\/?s={search_term_string}\"},\"query-input\":{\"@type\":\"PropertyValueSpecification\",\"valueRequired\":true,\"valueName\":\"search_term_string\"}}],\"inLanguage\":\"pt-BR\"},{\"@type\":\"Organization\",\"@id\":\"http:\/\/www.marotinternational.com\/pt-br\/#organization\",\"name\":\"Marot International Inc\",\"url\":\"http:\/\/www.marotinternational.com\/pt-br\/\",\"logo\":{\"@type\":\"ImageObject\",\"inLanguage\":\"pt-BR\",\"@id\":\"http:\/\/www.marotinternational.com\/pt-br\/#\/schema\/logo\/image\/\",\"url\":\"http:\/\/www.marotinternational.com\/wp-content\/uploads\/2022\/03\/25YEARS-Anniversary-logo-web-3.png\",\"contentUrl\":\"http:\/\/www.marotinternational.com\/wp-content\/uploads\/2022\/03\/25YEARS-Anniversary-logo-web-3.png\",\"width\":755,\"height\":156,\"caption\":\"Marot International Inc\"},\"image\":{\"@id\":\"http:\/\/www.marotinternational.com\/pt-br\/#\/schema\/logo\/image\/\"},\"sameAs\":[\"https:\/\/www.facebook.com\/MarotInternationalInc\",\"https:\/\/www.linkedin.com\/company\/marot-food-brokers-inc.\/about\/\"]}]}<\/script>\n<!-- \/ Yoast SEO plugin. -->","yoast_head_json":{"title":"Conhecimento do produto - Marot International","robots":{"index":"index","follow":"follow","max-snippet":"max-snippet:-1","max-image-preview":"max-image-preview:large","max-video-preview":"max-video-preview:-1"},"canonical":"http:\/\/www.marotinternational.com\/pt-br\/conhecimento-do-produto\/","og_locale":"pt_BR","og_type":"article","og_title":"Conhecimento do produto - Marot International","og_description":"Conhecimento do produtoA reputa\u00e7\u00e3o de um fornecedor de alimentos est\u00e1 em sua capacidade de fornecer um produto de alta qualidade, devidamente inspecionado e certificado no momento certo e a um pre\u00e7o competitivo.Conhecimento do produtoA reputa\u00e7\u00e3o de um fornecedor de alimentos est\u00e1 em sua capacidade de fornecer um produto de alta qualidade, devidamente inspecionado e certificado [&hellip;]","og_url":"http:\/\/www.marotinternational.com\/pt-br\/conhecimento-do-produto\/","og_site_name":"Marot International","article_publisher":"https:\/\/www.facebook.com\/MarotInternationalInc","article_modified_time":"2022-03-27T01:51:23+00:00","twitter_card":"summary_large_image","twitter_misc":{"Est. tempo de leitura":"9 minutos"},"schema":{"@context":"https:\/\/schema.org","@graph":[{"@type":"WebPage","@id":"http:\/\/www.marotinternational.com\/pt-br\/conhecimento-do-produto\/","url":"http:\/\/www.marotinternational.com\/pt-br\/conhecimento-do-produto\/","name":"Conhecimento do produto - Marot International","isPartOf":{"@id":"http:\/\/www.marotinternational.com\/pt-br\/#website"},"datePublished":"2021-10-15T03:45:16+00:00","dateModified":"2022-03-27T01:51:23+00:00","breadcrumb":{"@id":"http:\/\/www.marotinternational.com\/pt-br\/conhecimento-do-produto\/#breadcrumb"},"inLanguage":"pt-BR","potentialAction":[{"@type":"ReadAction","target":["http:\/\/www.marotinternational.com\/pt-br\/conhecimento-do-produto\/"]}]},{"@type":"BreadcrumbList","@id":"http:\/\/www.marotinternational.com\/pt-br\/conhecimento-do-produto\/#breadcrumb","itemListElement":[{"@type":"ListItem","position":1,"name":"Home","item":"http:\/\/www.marotinternational.com\/pt-br\/"},{"@type":"ListItem","position":2,"name":"Conhecimento do produto"}]},{"@type":"WebSite","@id":"http:\/\/www.marotinternational.com\/pt-br\/#website","url":"http:\/\/www.marotinternational.com\/pt-br\/","name":"Marot International","description":"Global trader of meat and poultry products.","publisher":{"@id":"http:\/\/www.marotinternational.com\/pt-br\/#organization"},"potentialAction":[{"@type":"SearchAction","target":{"@type":"EntryPoint","urlTemplate":"http:\/\/www.marotinternational.com\/pt-br\/?s={search_term_string}"},"query-input":{"@type":"PropertyValueSpecification","valueRequired":true,"valueName":"search_term_string"}}],"inLanguage":"pt-BR"},{"@type":"Organization","@id":"http:\/\/www.marotinternational.com\/pt-br\/#organization","name":"Marot International Inc","url":"http:\/\/www.marotinternational.com\/pt-br\/","logo":{"@type":"ImageObject","inLanguage":"pt-BR","@id":"http:\/\/www.marotinternational.com\/pt-br\/#\/schema\/logo\/image\/","url":"http:\/\/www.marotinternational.com\/wp-content\/uploads\/2022\/03\/25YEARS-Anniversary-logo-web-3.png","contentUrl":"http:\/\/www.marotinternational.com\/wp-content\/uploads\/2022\/03\/25YEARS-Anniversary-logo-web-3.png","width":755,"height":156,"caption":"Marot International Inc"},"image":{"@id":"http:\/\/www.marotinternational.com\/pt-br\/#\/schema\/logo\/image\/"},"sameAs":["https:\/\/www.facebook.com\/MarotInternationalInc","https:\/\/www.linkedin.com\/company\/marot-food-brokers-inc.\/about\/"]}]}},"_links":{"self":[{"href":"http:\/\/www.marotinternational.com\/pt-br\/wp-json\/wp\/v2\/pages\/4373"}],"collection":[{"href":"http:\/\/www.marotinternational.com\/pt-br\/wp-json\/wp\/v2\/pages"}],"about":[{"href":"http:\/\/www.marotinternational.com\/pt-br\/wp-json\/wp\/v2\/types\/page"}],"author":[{"embeddable":true,"href":"http:\/\/www.marotinternational.com\/pt-br\/wp-json\/wp\/v2\/users\/1"}],"replies":[{"embeddable":true,"href":"http:\/\/www.marotinternational.com\/pt-br\/wp-json\/wp\/v2\/comments?post=4373"}],"version-history":[{"count":0,"href":"http:\/\/www.marotinternational.com\/pt-br\/wp-json\/wp\/v2\/pages\/4373\/revisions"}],"wp:attachment":[{"href":"http:\/\/www.marotinternational.com\/pt-br\/wp-json\/wp\/v2\/media?parent=4373"}],"curies":[{"name":"wp","href":"https:\/\/api.w.org\/{rel}","templated":true}]}}