{"id":4352,"date":"2021-10-14T20:01:47","date_gmt":"2021-10-15T01:01:47","guid":{"rendered":"http:\/\/www.marotinternational.com\/inteligencia-de-mercado\/"},"modified":"2022-04-06T15:29:56","modified_gmt":"2022-04-06T20:29:56","slug":"inteligencia-de-mercado","status":"publish","type":"page","link":"http:\/\/www.marotinternational.com\/es\/inteligencia-de-mercado\/","title":{"rendered":"Inteligencia de mercado"},"content":{"rendered":"<p>[et_pb_section fb_built=\u00bb1&#8243; custom_padding_last_edited=\u00bbon|phone\u00bb admin_label=\u00bbHero\u00bb _builder_version=\u00bb4.16.1&#8243; background_enable_color=\u00bboff\u00bb use_background_color_gradient=\u00bbon\u00bb background_color_gradient_stops=\u00bb#ffffff 0%|rgba(0,0,0,0.8) 100%\u00bb background_color_gradient_start=\u00bb#ffffff\u00bb background_color_gradient_end=\u00bbrgba(0,0,0,0.8)\u00bb background_enable_image=\u00bboff\u00bb background_blend=\u00bboverlay\u00bb background_video_mp4=\u00bbhttp:\/\/www.marotinternational.com\/wp-content\/uploads\/2022\/04\/Market-Intelligence-april-6-M.mp4&#8243; height=\u00bb504px\u00bb custom_padding=\u00bb73px|||||\u00bb custom_padding_tablet=\u00bb\u00bb custom_padding_phone=\u00bb28px||26px||false|false\u00bb animation_style=\u00bbfade\u00bb animation_direction=\u00bbbottom\u00bb hover_enabled=\u00bb0&#8243; background_last_edited=\u00bbon|desktop\u00bb background_enable_color_phone=\u00bboff\u00bb background_image_phone=\u00bbhttp:\/\/www.marotinternational.com\/wp-content\/uploads\/2022\/01\/Screen-Shot-2022-01-24-at-5.04.26-PM.png\u00bb background_enable_image_phone=\u00bbon\u00bb parallax_phone=\u00bboff\u00bb background_position_phone=\u00bbtop_left\u00bb background_blend_phone=\u00bbdarken\u00bb background_enable_video_mp4_phone=\u00bboff\u00bb locked=\u00bboff\u00bb global_colors_info=\u00bb{}\u00bb title_text=\u00bbMarket-Intelligence-april-6-M\u00bb sticky_enabled=\u00bb0&#8243;][et_pb_row column_structure=\u00bb1_2,1_2&#8243; use_custom_gutter=\u00bbon\u00bb gutter_width=\u00bb1&#8243; custom_padding_last_edited=\u00bbon|phone\u00bb module_class=\u00bb et_pb_row_fullwidth\u00bb _builder_version=\u00bb4.16&#8243; background_enable_color=\u00bboff\u00bb width=\u00bb90%\u00bb width_tablet=\u00bb100%\u00bb width_phone=\u00bb\u00bb width_last_edited=\u00bbon|desktop\u00bb max_width=\u00bb100%\u00bb max_width_tablet=\u00bb100%\u00bb max_width_phone=\u00bb\u00bb max_width_last_edited=\u00bbon|desktop\u00bb min_height=\u00bb495.7px\u00bb custom_margin=\u00bb0px||||false|false\u00bb custom_padding=\u00bb30px|||60px|false|false\u00bb custom_padding_tablet=\u00bb\u00bb custom_padding_phone=\u00bb0px|||0px|false|false\u00bb make_fullwidth=\u00bbon\u00bb global_colors_info=\u00bb{}\u00bb][et_pb_column type=\u00bb1_2&#8243; _builder_version=\u00bb4.16&#8243; custom_padding=\u00bb|||\u00bb global_colors_info=\u00bb{}\u00bb custom_padding__hover=\u00bb|||\u00bb][et_pb_text admin_label=\u00bbHero Title\u00bb _builder_version=\u00bb4.16&#8243; text_font=\u00bb||||\u00bb text_text_color=\u00bb#1a1a1a\u00bb header_font=\u00bbOpen Sans|800|||||||\u00bb header_text_align=\u00bbleft\u00bb header_text_color=\u00bb#000000&#8243; header_font_size=\u00bb48px\u00bb header_line_height=\u00bb1.3em\u00bb background_enable_color=\u00bboff\u00bb background_layout=\u00bbdark\u00bb max_width=\u00bb709px\u00bb custom_margin=\u00bb0px|||20px|false|false\u00bb custom_padding=\u00bb||10px|0px|false|false\u00bb animation_style=\u00bbslide\u00bb animation_direction=\u00bbtop\u00bb animation_intensity_slide=\u00bb10%\u00bb locked=\u00bboff\u00bb global_colors_info=\u00bb{}\u00bb]<\/p>\n<h1>Inteligencia de mercado<\/h1>\n<p>[\/et_pb_text][\/et_pb_column][et_pb_column type=\u00bb1_2&#8243; _builder_version=\u00bb4.16&#8243; custom_padding=\u00bb|0px||18px|false|false\u00bb global_colors_info=\u00bb{}\u00bb custom_padding__hover=\u00bb|||\u00bb][et_pb_divider color=\u00bb#ef9f00&#8243; divider_position=\u00bbcenter\u00bb divider_weight=\u00bb3px\u00bb disabled_on=\u00bbon|on|off%22&#8243; _builder_version=\u00bb4.16&#8243; max_width=\u00bb150px\u00bb height=\u00bbfalse\u00bb custom_margin=\u00bb-17px|||||\u00bb custom_padding=\u00bb|||0px|false|false\u00bb animation_style=\u00bbslide\u00bb animation_direction=\u00bbtop\u00bb animation_delay=\u00bb100ms\u00bb animation_intensity_slide=\u00bb10%\u00bb border_width_all=\u00bb0px\u00bb border_color_all=\u00bbRGBA(0,0,0,0)\u00bb locked=\u00bboff\u00bb global_colors_info=\u00bb{}\u00bb][\/et_pb_divider][et_pb_text admin_label=\u00bbHero Sub Title\u00bb _builder_version=\u00bb4.16&#8243; text_font=\u00bbOpen Sans||on||||||\u00bb text_text_color=\u00bb#FFFFFF\u00bb text_font_size=\u00bb18px\u00bb text_line_height=\u00bb28px\u00bb background_color=\u00bbrgba(112,0,56,0.83)\u00bb background_size=\u00bbinitial\u00bb background_position=\u00bbtop_left\u00bb background_repeat=\u00bbrepeat\u00bb background_layout=\u00bbdark\u00bb custom_margin=\u00bb10px|10px|1px||false|false\u00bb custom_padding=\u00bb14px|21px|8px|26px|false|false\u00bb animation_style=\u00bbslide\u00bb animation_direction=\u00bbtop\u00bb animation_delay=\u00bb200ms\u00bb animation_intensity_slide=\u00bb10%\u00bb locked=\u00bboff\u00bb global_colors_info=\u00bb{}\u00bb]<\/p>\n<p>Vivimos en un mundo globalizado. Los mercados ya no se ven afectados exclusivamente por la econom\u00eda simple de la oferta y demanda. La geograf\u00eda, clima, incertidumbre pol\u00edtica y los escenarios financieros mundiales afectan el comercio de alimentos internacional.<\/p>\n<p>[\/et_pb_text][\/et_pb_column][\/et_pb_row][\/et_pb_section][et_pb_section fb_built=\u00bb1&#8243; disabled_on=\u00bbon|off|off\u00bb _builder_version=\u00bb4.16.1&#8243; background_enable_color=\u00bboff\u00bb use_background_color_gradient=\u00bbon\u00bb background_color_gradient_direction=\u00bb216deg\u00bb background_color_gradient_stops=\u00bbrgba(19,59,112,0.64) 5%|#000311 74%\u00bb background_color_gradient_overlays_image=\u00bbon\u00bb background_color_gradient_start=\u00bbrgba(19,59,112,0.64)\u00bb background_color_gradient_start_position=\u00bb5%\u00bb background_color_gradient_end=\u00bb#000311&#8243; background_color_gradient_end_position=\u00bb74%\u00bb background_image=\u00bbhttp:\/\/www.marotinternational.com\/wp-content\/uploads\/2022\/04\/Market-Intelligence-bgkn.jpg\u00bb background_blend=\u00bbmultiply\u00bb custom_padding=\u00bb9px||106px|||\u00bb global_colors_info=\u00bb{}\u00bb][et_pb_row column_structure=\u00bb1_2,1_2&#8243; custom_padding_last_edited=\u00bbon|phone\u00bb _builder_version=\u00bb4.16&#8243; custom_padding=\u00bb45px||12px|||\u00bb custom_padding_tablet=\u00bb\u00bb custom_padding_phone=\u00bb0px||12px||false|false\u00bb global_colors_info=\u00bb{}\u00bb][et_pb_column type=\u00bb1_2&#8243; _builder_version=\u00bb4.16&#8243; custom_padding=\u00bb|||\u00bb global_colors_info=\u00bb{}\u00bb custom_padding__hover=\u00bb|||\u00bb][et_pb_divider color=\u00bb#f78c00&#8243; divider_position=\u00bbcenter\u00bb divider_weight=\u00bb3px\u00bb disabled_on=\u00bbon|on|off%22&#8243; _builder_version=\u00bb4.16&#8243; max_width=\u00bb150px\u00bb height=\u00bbfalse\u00bb custom_margin=\u00bb7px|||||\u00bb animation_style=\u00bbslide\u00bb animation_direction=\u00bbtop\u00bb animation_delay=\u00bb100ms\u00bb animation_intensity_slide=\u00bb10%\u00bb locked=\u00bboff\u00bb global_colors_info=\u00bb{}\u00bb][\/et_pb_divider][et_pb_blurb title=\u00bbLa relaci\u00f3n comprador-vendedor\u00bb use_icon=\u00bbon\u00bb font_icon=\u00bb&#x52;||divi||400&#8243; icon_color=\u00bb#f78c00&#8243; icon_placement=\u00bbleft\u00bb _builder_version=\u00bb4.16&#8243; _module_preset=\u00bbdefault\u00bb header_font=\u00bbOpen Sans|700|||||||\u00bb header_text_color=\u00bb#FFFFFF\u00bb header_font_size=\u00bb24px\u00bb header_line_height=\u00bb1.2em\u00bb body_font=\u00bbOpen Sans||||||||\u00bb body_text_color=\u00bb#FFFFFF\u00bb body_font_size=\u00bb16px\u00bb animation_style=\u00bbslide\u00bb animation_direction=\u00bbbottom\u00bb global_colors_info=\u00bb{}\u00bb]<\/p>\n<p>Considerando los factores como documentaci\u00f3n adecuada, etiquetado, cronogramas rigurosos, requisitos sanitarios, medidas de prevenci\u00f3n de enfermedades, limitaciones del mercado y fluctuaciones de los tipos de cambio; <strong>Marot International Inc.<\/strong> se basa en a\u00f1os de experiencia para asegurar relaciones fruct\u00edferas entre nuestros proveedores y clientes.<\/p>\n<p>[\/et_pb_blurb][et_pb_blurb title=\u00bbCuestiones de salud y su papel en el mercado\u00bb use_icon=\u00bbon\u00bb font_icon=\u00bb&#x52;||divi||400&#8243; icon_color=\u00bb#f78c00&#8243; icon_placement=\u00bbleft\u00bb _builder_version=\u00bb4.16&#8243; _module_preset=\u00bbdefault\u00bb header_font=\u00bbOpen Sans|700|||||||\u00bb header_text_color=\u00bb#FFFFFF\u00bb header_font_size=\u00bb24px\u00bb header_line_height=\u00bb1.2em\u00bb body_font=\u00bbOpen Sans||||||||\u00bb body_text_color=\u00bb#FFFFFF\u00bb body_font_size=\u00bb16px\u00bb animation_style=\u00bbslide\u00bb animation_direction=\u00bbbottom\u00bb global_colors_info=\u00bb{}\u00bb]<\/p>\n<p><span style=\"font-weight: 400;\">Las variables de salud y enfermedad en aumento afectan el movimiento del producto y pueden dar paso a consecuencias dram\u00e1ticas y costosas para el mercado al mismo tiempo que influyen en el acceso al mismo, en el suministro de productos y en los costos de alimentos.\u00a0 Estamos informados.<\/span><\/p>\n<p>[\/et_pb_blurb][\/et_pb_column][et_pb_column type=\u00bb1_2&#8243; _builder_version=\u00bb4.16&#8243; custom_padding=\u00bb|||\u00bb global_colors_info=\u00bb{}\u00bb custom_padding__hover=\u00bb|||\u00bb][et_pb_blurb title=\u00bbEntender e interpretar el mercado para tomar decisiones inteligentes\u00bb use_icon=\u00bbon\u00bb font_icon=\u00bb&#x52;||divi||400&#8243; icon_color=\u00bb#f78c00&#8243; icon_placement=\u00bbleft\u00bb _builder_version=\u00bb4.16&#8243; _module_preset=\u00bbdefault\u00bb header_font=\u00bbOpen Sans|700|||||||\u00bb header_text_color=\u00bb#FFFFFF\u00bb header_font_size=\u00bb24px\u00bb header_line_height=\u00bb1.2em\u00bb body_font=\u00bbOpen Sans||||||||\u00bb body_text_color=\u00bb#FFFFFF\u00bb body_font_size=\u00bb16px\u00bb custom_padding=\u00bb62px|||||\u00bb animation_style=\u00bbslide\u00bb animation_direction=\u00bbbottom\u00bb global_colors_info=\u00bb{}\u00bb]<\/p>\n<p>El acceso y la interpretaci\u00f3n de informaci\u00f3n precisa son esenciales para mantener la inteligencia de mercado y una ventaja competitiva. El equipo de <strong>Marot International Inc.<\/strong> esta armado con los datos hist\u00f3ricos necesarios para interpretar las tendencias actuales, fluctuaciones estacionales y una multitud de otros condiciones de mercado. Proporcionamos esa ventaja competitiva a trav\u00e9s del di\u00e1logo diario con nuestra red global.<\/p>\n<p><strong>Marot International Inc.<\/strong> determina la esencia fundamental de lo que es importante con asociaciones invaluables en la industria, inteligencia de mercado audaz y conocimiento superior de productos. Invitamos abiertamente a nuevos socios a unirse a nuestro equipo.<\/p>\n<p>[\/et_pb_blurb][\/et_pb_column][\/et_pb_row][\/et_pb_section][et_pb_section fb_built=\u00bb1&#8243; disabled_on=\u00bboff|on|on\u00bb _builder_version=\u00bb4.16.1&#8243; background_enable_color=\u00bboff\u00bb use_background_color_gradient=\u00bbon\u00bb background_color_gradient_direction=\u00bb216deg\u00bb background_color_gradient_stops=\u00bbrgba(19,59,112,0.64) 5%|#000311 74%\u00bb background_color_gradient_overlays_image=\u00bbon\u00bb background_color_gradient_start=\u00bbrgba(19,59,112,0.64)\u00bb background_color_gradient_start_position=\u00bb5%\u00bb background_color_gradient_end=\u00bb#000311&#8243; background_color_gradient_end_position=\u00bb74%\u00bb background_image=\u00bbhttp:\/\/www.marotinternational.com\/wp-content\/uploads\/2022\/04\/Market-Intelligence-bgkn.jpg\u00bb background_blend=\u00bbmultiply\u00bb custom_padding=\u00bb9px||110px|||\u00bb global_colors_info=\u00bb{}\u00bb][et_pb_row column_structure=\u00bb1_2,1_2&#8243; custom_padding_last_edited=\u00bbon|phone\u00bb _builder_version=\u00bb4.16&#8243; custom_padding=\u00bb45px||12px|||\u00bb custom_padding_tablet=\u00bb\u00bb custom_padding_phone=\u00bb0px||12px||false|false\u00bb global_colors_info=\u00bb{}\u00bb][et_pb_column type=\u00bb1_2&#8243; _builder_version=\u00bb4.16&#8243; custom_padding=\u00bb|||\u00bb global_colors_info=\u00bb{}\u00bb custom_padding__hover=\u00bb|||\u00bb][et_pb_divider color=\u00bb#f78c00&#8243; divider_position=\u00bbcenter\u00bb divider_weight=\u00bb3px\u00bb disabled_on=\u00bbon|on|off%22&#8243; _builder_version=\u00bb4.16&#8243; max_width=\u00bb150px\u00bb height=\u00bbfalse\u00bb custom_margin=\u00bb7px|||||\u00bb animation_style=\u00bbslide\u00bb animation_direction=\u00bbtop\u00bb animation_delay=\u00bb100ms\u00bb animation_intensity_slide=\u00bb10%\u00bb locked=\u00bboff\u00bb global_colors_info=\u00bb{}\u00bb][\/et_pb_divider][et_pb_blurb title=\u00bbLa relaci\u00f3n comprador-vendedor\u00bb use_icon=\u00bbon\u00bb font_icon=\u00bb&#x52;||divi||400&#8243; icon_color=\u00bb#f78c00&#8243; icon_placement=\u00bbleft\u00bb _builder_version=\u00bb4.16&#8243; _module_preset=\u00bbdefault\u00bb header_font=\u00bbOpen Sans|700|||||||\u00bb header_text_color=\u00bb#FFFFFF\u00bb header_font_size=\u00bb24px\u00bb header_line_height=\u00bb1.2em\u00bb body_font=\u00bbOpen Sans||||||||\u00bb body_text_color=\u00bb#FFFFFF\u00bb body_font_size=\u00bb16px\u00bb animation_style=\u00bbslide\u00bb animation_direction=\u00bbbottom\u00bb global_colors_info=\u00bb{}\u00bb]<\/p>\n<p>Considerando los factores como documentaci\u00f3n adecuada, etiquetado, cronogramas rigurosos, requisitos sanitarios, medidas de prevenci\u00f3n de enfermedades, limitaciones del mercado y fluctuaciones de los tipos de cambio; <strong>Marot International Inc.<\/strong> se basa en a\u00f1os de experiencia para asegurar relaciones fruct\u00edferas entre nuestros proveedores y clientes.<\/p>\n<p>[\/et_pb_blurb][et_pb_blurb title=\u00bbCuestiones de salud y su papel en el mercado\u00bb use_icon=\u00bbon\u00bb font_icon=\u00bb&#x52;||divi||400&#8243; icon_color=\u00bb#f78c00&#8243; icon_placement=\u00bbleft\u00bb _builder_version=\u00bb4.16&#8243; _module_preset=\u00bbdefault\u00bb header_font=\u00bbOpen Sans|700|||||||\u00bb header_text_color=\u00bb#FFFFFF\u00bb header_font_size=\u00bb24px\u00bb header_line_height=\u00bb1.2em\u00bb body_font=\u00bbOpen Sans||||||||\u00bb body_text_color=\u00bb#FFFFFF\u00bb body_font_size=\u00bb16px\u00bb animation_style=\u00bbslide\u00bb animation_direction=\u00bbbottom\u00bb global_colors_info=\u00bb{}\u00bb]<\/p>\n<p><span style=\"font-weight: 400;\">Las variables de salud y enfermedad en aumento afectan el movimiento del producto y pueden dar paso a consecuencias dram\u00e1ticas y costosas para el mercado al mismo tiempo que influyen en el acceso al mismo, en el suministro de productos y en los costos de alimentos.\u00a0 Estamos informados.<\/span><\/p>\n<p>[\/et_pb_blurb][\/et_pb_column][et_pb_column type=\u00bb1_2&#8243; _builder_version=\u00bb4.16&#8243; custom_padding=\u00bb|||\u00bb global_colors_info=\u00bb{}\u00bb custom_padding__hover=\u00bb|||\u00bb][et_pb_blurb title=\u00bbEntender e interpretar el mercado para tomar decisiones inteligentes\u00bb use_icon=\u00bbon\u00bb font_icon=\u00bb&#x52;||divi||400&#8243; icon_color=\u00bb#f78c00&#8243; icon_placement=\u00bbleft\u00bb _builder_version=\u00bb4.16&#8243; _module_preset=\u00bbdefault\u00bb header_font=\u00bbOpen Sans|700|||||||\u00bb header_text_color=\u00bb#FFFFFF\u00bb header_font_size=\u00bb24px\u00bb header_line_height=\u00bb1.2em\u00bb body_font=\u00bbOpen Sans||||||||\u00bb body_text_color=\u00bb#FFFFFF\u00bb body_font_size=\u00bb16px\u00bb custom_padding=\u00bb7px|||||\u00bb animation_style=\u00bbslide\u00bb animation_direction=\u00bbbottom\u00bb global_colors_info=\u00bb{}\u00bb]<\/p>\n<p>El acceso y la interpretaci\u00f3n de informaci\u00f3n precisa son esenciales para mantener la inteligencia de mercado y una ventaja competitiva. El equipo de <strong>Marot International Inc.<\/strong> esta armado con los datos hist\u00f3ricos necesarios para interpretar las tendencias actuales, fluctuaciones estacionales y una multitud de otros condiciones de mercado. Proporcionamos esa ventaja competitiva a trav\u00e9s del di\u00e1logo diario con nuestra red global.<\/p>\n<p><strong>Marot International Inc.<\/strong> determina la esencia fundamental de lo que es importante con asociaciones invaluables en la industria, inteligencia de mercado audaz y conocimiento superior de productos. Invitamos abiertamente a nuevos socios a unirse a nuestro equipo.<\/p>\n<p>[\/et_pb_blurb][\/et_pb_column][\/et_pb_row][\/et_pb_section][et_pb_section fb_built=\u00bb1&#8243; _builder_version=\u00bb4.16&#8243; _module_preset=\u00bbdefault\u00bb link_option_url=\u00bbhttp:\/\/www.marotinternational.com\/contact-us-2\/\u00bb global_colors_info=\u00bb{}\u00bb][et_pb_row _builder_version=\u00bb4.16&#8243; _module_preset=\u00bbdefault\u00bb custom_padding=\u00bb6px||0px|||\u00bb global_colors_info=\u00bb{}\u00bb][et_pb_column type=\u00bb4_4&#8243; _builder_version=\u00bb4.16&#8243; _module_preset=\u00bbdefault\u00bb global_colors_info=\u00bb{}\u00bb][et_pb_cta title=\u00bbPara obtener m\u00e1s informaci\u00f3n, contacte a uno de nuestros comerciantes expertos.\u00bb button_text=\u00bbHaga clic aqu\u00ed\u00bb _builder_version=\u00bb4.16&#8243; _module_preset=\u00bbdefault\u00bb header_text_color=\u00bb#000000&#8243; custom_padding=\u00bb16px||2px|||\u00bb animation_style=\u00bbslide\u00bb animation_direction=\u00bbbottom\u00bb link_option_url=\u00bbhttp:\/\/www.marotinternational.com\/es\/contactenos\/\u00bb global_colors_info=\u00bb{}\u00bb][\/et_pb_cta][\/et_pb_column][\/et_pb_row][\/et_pb_section]<\/p>\n","protected":false},"excerpt":{"rendered":"<p>Inteligencia de mercadoVivimos en un mundo globalizado. Los mercados ya no se ven afectados exclusivamente por la econom\u00eda simple de la oferta y demanda. La geograf\u00eda, clima, incertidumbre pol\u00edtica y los escenarios financieros mundiales afectan el comercio de alimentos internacional.Considerando los factores como documentaci\u00f3n adecuada, etiquetado, cronogramas rigurosos, requisitos sanitarios, medidas de prevenci\u00f3n de enfermedades, [&hellip;]<\/p>\n","protected":false},"author":1,"featured_media":0,"parent":0,"menu_order":14,"comment_status":"closed","ping_status":"closed","template":"","meta":{"_et_pb_use_builder":"on","_et_pb_old_content":"","_et_gb_content_width":"","_exactmetrics_skip_tracking":false,"_exactmetrics_sitenote_active":false,"_exactmetrics_sitenote_note":"","_exactmetrics_sitenote_category":0,"footnotes":""},"yoast_head":"<!-- This site is optimized with the Yoast SEO plugin v24.5 - https:\/\/yoast.com\/wordpress\/plugins\/seo\/ -->\n<title>Inteligencia de mercado - Marot International<\/title>\n<meta name=\"robots\" content=\"index, follow, max-snippet:-1, max-image-preview:large, max-video-preview:-1\" \/>\n<link rel=\"canonical\" href=\"http:\/\/www.marotinternational.com\/es\/inteligencia-de-mercado\/\" \/>\n<meta property=\"og:locale\" content=\"es_ES\" \/>\n<meta property=\"og:type\" content=\"article\" \/>\n<meta property=\"og:title\" content=\"Inteligencia de mercado - Marot International\" \/>\n<meta property=\"og:description\" content=\"Inteligencia de mercadoVivimos en un mundo globalizado. Los mercados ya no se ven afectados exclusivamente por la econom\u00eda simple de la oferta y demanda. La geograf\u00eda, clima, incertidumbre pol\u00edtica y los escenarios financieros mundiales afectan el comercio de alimentos internacional.Considerando los factores como documentaci\u00f3n adecuada, etiquetado, cronogramas rigurosos, requisitos sanitarios, medidas de prevenci\u00f3n de enfermedades, [&hellip;]\" \/>\n<meta property=\"og:url\" content=\"http:\/\/www.marotinternational.com\/es\/inteligencia-de-mercado\/\" \/>\n<meta property=\"og:site_name\" content=\"Marot International\" \/>\n<meta property=\"article:publisher\" content=\"https:\/\/www.facebook.com\/MarotInternationalInc\" \/>\n<meta property=\"article:modified_time\" content=\"2022-04-06T20:29:56+00:00\" \/>\n<meta name=\"twitter:card\" content=\"summary_large_image\" \/>\n<meta name=\"twitter:label1\" content=\"Tiempo de lectura\" \/>\n\t<meta name=\"twitter:data1\" content=\"9 minutos\" \/>\n<script type=\"application\/ld+json\" class=\"yoast-schema-graph\">{\"@context\":\"https:\/\/schema.org\",\"@graph\":[{\"@type\":\"WebPage\",\"@id\":\"http:\/\/www.marotinternational.com\/es\/inteligencia-de-mercado\/\",\"url\":\"http:\/\/www.marotinternational.com\/es\/inteligencia-de-mercado\/\",\"name\":\"Inteligencia de mercado - Marot International\",\"isPartOf\":{\"@id\":\"http:\/\/www.marotinternational.com\/es\/#website\"},\"datePublished\":\"2021-10-15T01:01:47+00:00\",\"dateModified\":\"2022-04-06T20:29:56+00:00\",\"breadcrumb\":{\"@id\":\"http:\/\/www.marotinternational.com\/es\/inteligencia-de-mercado\/#breadcrumb\"},\"inLanguage\":\"es\",\"potentialAction\":[{\"@type\":\"ReadAction\",\"target\":[\"http:\/\/www.marotinternational.com\/es\/inteligencia-de-mercado\/\"]}]},{\"@type\":\"BreadcrumbList\",\"@id\":\"http:\/\/www.marotinternational.com\/es\/inteligencia-de-mercado\/#breadcrumb\",\"itemListElement\":[{\"@type\":\"ListItem\",\"position\":1,\"name\":\"Home\",\"item\":\"http:\/\/www.marotinternational.com\/es\/\"},{\"@type\":\"ListItem\",\"position\":2,\"name\":\"Inteligencia de mercado\"}]},{\"@type\":\"WebSite\",\"@id\":\"http:\/\/www.marotinternational.com\/es\/#website\",\"url\":\"http:\/\/www.marotinternational.com\/es\/\",\"name\":\"Marot International\",\"description\":\"Global trader of meat and poultry products.\",\"publisher\":{\"@id\":\"http:\/\/www.marotinternational.com\/es\/#organization\"},\"potentialAction\":[{\"@type\":\"SearchAction\",\"target\":{\"@type\":\"EntryPoint\",\"urlTemplate\":\"http:\/\/www.marotinternational.com\/es\/?s={search_term_string}\"},\"query-input\":{\"@type\":\"PropertyValueSpecification\",\"valueRequired\":true,\"valueName\":\"search_term_string\"}}],\"inLanguage\":\"es\"},{\"@type\":\"Organization\",\"@id\":\"http:\/\/www.marotinternational.com\/es\/#organization\",\"name\":\"Marot International Inc\",\"url\":\"http:\/\/www.marotinternational.com\/es\/\",\"logo\":{\"@type\":\"ImageObject\",\"inLanguage\":\"es\",\"@id\":\"http:\/\/www.marotinternational.com\/es\/#\/schema\/logo\/image\/\",\"url\":\"http:\/\/www.marotinternational.com\/wp-content\/uploads\/2022\/03\/25YEARS-Anniversary-logo-web-3.png\",\"contentUrl\":\"http:\/\/www.marotinternational.com\/wp-content\/uploads\/2022\/03\/25YEARS-Anniversary-logo-web-3.png\",\"width\":755,\"height\":156,\"caption\":\"Marot International Inc\"},\"image\":{\"@id\":\"http:\/\/www.marotinternational.com\/es\/#\/schema\/logo\/image\/\"},\"sameAs\":[\"https:\/\/www.facebook.com\/MarotInternationalInc\",\"https:\/\/www.linkedin.com\/company\/marot-food-brokers-inc.\/about\/\"]}]}<\/script>\n<!-- \/ Yoast SEO plugin. -->","yoast_head_json":{"title":"Inteligencia de mercado - Marot International","robots":{"index":"index","follow":"follow","max-snippet":"max-snippet:-1","max-image-preview":"max-image-preview:large","max-video-preview":"max-video-preview:-1"},"canonical":"http:\/\/www.marotinternational.com\/es\/inteligencia-de-mercado\/","og_locale":"es_ES","og_type":"article","og_title":"Inteligencia de mercado - Marot International","og_description":"Inteligencia de mercadoVivimos en un mundo globalizado. Los mercados ya no se ven afectados exclusivamente por la econom\u00eda simple de la oferta y demanda. La geograf\u00eda, clima, incertidumbre pol\u00edtica y los escenarios financieros mundiales afectan el comercio de alimentos internacional.Considerando los factores como documentaci\u00f3n adecuada, etiquetado, cronogramas rigurosos, requisitos sanitarios, medidas de prevenci\u00f3n de enfermedades, [&hellip;]","og_url":"http:\/\/www.marotinternational.com\/es\/inteligencia-de-mercado\/","og_site_name":"Marot International","article_publisher":"https:\/\/www.facebook.com\/MarotInternationalInc","article_modified_time":"2022-04-06T20:29:56+00:00","twitter_card":"summary_large_image","twitter_misc":{"Tiempo de lectura":"9 minutos"},"schema":{"@context":"https:\/\/schema.org","@graph":[{"@type":"WebPage","@id":"http:\/\/www.marotinternational.com\/es\/inteligencia-de-mercado\/","url":"http:\/\/www.marotinternational.com\/es\/inteligencia-de-mercado\/","name":"Inteligencia de mercado - Marot International","isPartOf":{"@id":"http:\/\/www.marotinternational.com\/es\/#website"},"datePublished":"2021-10-15T01:01:47+00:00","dateModified":"2022-04-06T20:29:56+00:00","breadcrumb":{"@id":"http:\/\/www.marotinternational.com\/es\/inteligencia-de-mercado\/#breadcrumb"},"inLanguage":"es","potentialAction":[{"@type":"ReadAction","target":["http:\/\/www.marotinternational.com\/es\/inteligencia-de-mercado\/"]}]},{"@type":"BreadcrumbList","@id":"http:\/\/www.marotinternational.com\/es\/inteligencia-de-mercado\/#breadcrumb","itemListElement":[{"@type":"ListItem","position":1,"name":"Home","item":"http:\/\/www.marotinternational.com\/es\/"},{"@type":"ListItem","position":2,"name":"Inteligencia de mercado"}]},{"@type":"WebSite","@id":"http:\/\/www.marotinternational.com\/es\/#website","url":"http:\/\/www.marotinternational.com\/es\/","name":"Marot International","description":"Global trader of meat and poultry products.","publisher":{"@id":"http:\/\/www.marotinternational.com\/es\/#organization"},"potentialAction":[{"@type":"SearchAction","target":{"@type":"EntryPoint","urlTemplate":"http:\/\/www.marotinternational.com\/es\/?s={search_term_string}"},"query-input":{"@type":"PropertyValueSpecification","valueRequired":true,"valueName":"search_term_string"}}],"inLanguage":"es"},{"@type":"Organization","@id":"http:\/\/www.marotinternational.com\/es\/#organization","name":"Marot International Inc","url":"http:\/\/www.marotinternational.com\/es\/","logo":{"@type":"ImageObject","inLanguage":"es","@id":"http:\/\/www.marotinternational.com\/es\/#\/schema\/logo\/image\/","url":"http:\/\/www.marotinternational.com\/wp-content\/uploads\/2022\/03\/25YEARS-Anniversary-logo-web-3.png","contentUrl":"http:\/\/www.marotinternational.com\/wp-content\/uploads\/2022\/03\/25YEARS-Anniversary-logo-web-3.png","width":755,"height":156,"caption":"Marot International Inc"},"image":{"@id":"http:\/\/www.marotinternational.com\/es\/#\/schema\/logo\/image\/"},"sameAs":["https:\/\/www.facebook.com\/MarotInternationalInc","https:\/\/www.linkedin.com\/company\/marot-food-brokers-inc.\/about\/"]}]}},"_links":{"self":[{"href":"http:\/\/www.marotinternational.com\/es\/wp-json\/wp\/v2\/pages\/4352"}],"collection":[{"href":"http:\/\/www.marotinternational.com\/es\/wp-json\/wp\/v2\/pages"}],"about":[{"href":"http:\/\/www.marotinternational.com\/es\/wp-json\/wp\/v2\/types\/page"}],"author":[{"embeddable":true,"href":"http:\/\/www.marotinternational.com\/es\/wp-json\/wp\/v2\/users\/1"}],"replies":[{"embeddable":true,"href":"http:\/\/www.marotinternational.com\/es\/wp-json\/wp\/v2\/comments?post=4352"}],"version-history":[{"count":3,"href":"http:\/\/www.marotinternational.com\/es\/wp-json\/wp\/v2\/pages\/4352\/revisions"}],"predecessor-version":[{"id":5528,"href":"http:\/\/www.marotinternational.com\/es\/wp-json\/wp\/v2\/pages\/4352\/revisions\/5528"}],"wp:attachment":[{"href":"http:\/\/www.marotinternational.com\/es\/wp-json\/wp\/v2\/media?parent=4352"}],"curies":[{"name":"wp","href":"https:\/\/api.w.org\/{rel}","templated":true}]}}